{"id":26743,"date":"2021-11-23T12:20:36","date_gmt":"2021-11-23T12:20:36","guid":{"rendered":"https:\/\/mallforneeds.com\/index.php\/product\/samsung-tab-s7-128gb-6gb\/"},"modified":"2025-07-26T17:37:29","modified_gmt":"2025-07-26T16:37:29","slug":"samsung-tab-s7-128gb-6gb","status":"publish","type":"product","link":"https:\/\/mallforneeds.com\/index.php\/product\/samsung-tab-s7-128gb-6gb\/","title":{"rendered":"Samsung Tab S7+ (128GB, 6GB"},"content":{"rendered":"<div class=\"card plainCard productDetailsCard\" style=\"flex-direction:column;min-width:0px;border:0pxsolid;border-radius:3px;font-family:brfirma,sans-serif;font-size:16px;font-style:normal;font-weight:400;letter-spacing:normal;text-transform:none;text-align:left\">\n<div class=\"card-body p-2\" style=\"flex:11auto;min-height:1px;padding:0.5rem!important\">\n<div class=\"row\" style=\"margin-right:-15px;margin-left:-15px\">\n<div class=\"col-xl-7 col-lg-7\" style=\"width:342.195px;padding-right:15px;padding-left:15px\">\n<div class=\"productConfigs p-md-3\">\n<div class=\"productConfigsContent\" style=\"padding-bottom:1.25rem;font-size:0.875rem\">\n<div class=\"productConfigsContentArea\" style=\"font-size:0.875rem;font-weight:400;margin-bottom:2.5rem\">\n<div style=\"font-size:0.875rem\">\n<p style=\"margin-top:0px;margin-bottom:1rem;line-height:1.875rem\">Samsung Galaxy Tab S7+ comes with a 12.40-inch touchscreen display with a resolution of 2800&#215;1752 pixels at a pixel density of 287 pixels per inch. Samsung Galaxy Tab S7+ is powered by a 1.8GHz octa-core processor. It comes with 6GB of RAM. Samsung Galaxy Tab S7+ runs Android 10 and is powered by a 10090mAh battery.<\/p>\n<p style=\"margin-top:0px;margin-bottom:1rem;line-height:1.875rem\">\n<\/div>\n<\/div>\n<div class=\"productConfigsPriceBox\" style=\"font-size:0.875rem\">\n<div class=\"d-flex align-items-center actualPrice\" style=\"align-items:center!important;font-size:0.875rem\">\n<h5 class=\"mb-0\" style=\"margin-top:0px;margin-bottom:0px!important;font-weight:600;line-height:1.75rem;font-size:1.5rem;margin-right:0.9375rem\">N514,900.00<\/h5>\n<\/div>\n<\/div>\n<div class=\"my-4\" style=\"margin-top:1.5rem!important;margin-bottom:1.5rem!important;font-size:0.875rem\"><\/div>\n<div class=\"row align-items-center justify-content-lg-between\" style=\"margin-right:-15px;margin-left:-15px;align-items:center!important;font-size:0.875rem\">\n<div class=\"col-xl-5 col-lg-8 mb-4 mb-lg-0\" style=\"width:342.195px;padding-right:15px;padding-left:15px;margin-bottom:1.5rem!important;font-size:0.875rem\">\n<div class=\"d-flex align-items-center\" style=\"align-items:center!important;font-size:0.875rem\"><\/div>\n<\/div>\n<\/div>\n<\/div>\n<\/div>\n<\/div>\n<\/div>\n<\/div>\n<\/div>\n<div class=\"my-4\" style=\"margin-top:1.5rem!important;margin-bottom:1.5rem!important;font-family:brfirma,sans-serif;font-size:16px;font-style:normal;font-weight:400;letter-spacing:normal;text-transform:none;text-align:left\">\n<section>\n<section class=\"Tabs\">\n<div class=\"\">\n<div class=\"card topBorderRadiusNone borderNone\" style=\"flex-direction:column;min-width:0px;border:0pxsolid;border-radius:0px0px0.25rem0.25rem\">\n<div class=\"card-body p-2\" style=\"flex:11auto;min-height:1px;padding:0.5rem!important\">\n<ul class=\"TabsHeader\" style=\"margin:0px;padding:0.625rem0.625rem0px\">\n<li class=\"active\" style=\"list-style-type:none;margin-right:1.25rem\"><button type=\"button\" class=\"btn\" style=\"border-radius: 0.1875rem;margin: 0px;font-family: brfirma, sans-serif;font-size: 0.875rem;line-height: 1rem;overflow: visible;text-transform: none;font-weight: 600;text-align: center;vertical-align: middle;background-color: transparent;border: none;padding: 0.375rem 0.75rem 0.625rem;cursor: pointer\">Product Specs<\/button><\/li>\n<li class=\"\" style=\"list-style-type:none;margin-right:0px\"><button type=\"button\" class=\"btn\" style=\"border-radius: 0.1875rem;margin: 0px;font-family: brfirma, sans-serif;font-size: 0.875rem;line-height: 1rem;overflow: visible;text-transform: none;font-weight: 600;text-align: center;vertical-align: middle;background-color: transparent;border: none;padding: 0.375rem 0.75rem 0.625rem;cursor: pointer\">Ratings<\/button><\/li>\n<\/ul>\n<div class=\"TabsContent\" style=\"padding:0.9375rem0.3125rem0px0.5rem\">\n<div class=\"line-height-40\" style=\"line-height:2.1875rem\">\n<div>\n<p style=\"margin-top:0px;margin-bottom:1rem\"><strong style=\"font-weight: bolder\">Display<\/strong>: 12.4 inches, 446.1 cm<sup style=\"font-size: 12px;line-height: 0;vertical-align: baseline\">2<\/sup> (~84.6% screen-to-body ratio)<br \/>\n<strong style=\"font-weight: bolder\">Processor<\/strong>: Octa-core (1\u00d73.09 GHz Kryo 585 &amp; 3\u00d72.42 GHz Kryo 585 &amp; 4\u00d71.8 GHz Kryo 585, Qualcomm SM8250 Snapdragon 865+ (7 nm+)<br \/>\n<strong style=\"font-weight: bolder\">Memory<\/strong>: 128GB, 6GB<br \/>\n<strong style=\"font-weight: bolder\">Camera<\/strong>: 13 MP, f\/2.0, 26mm (wide), 1\/3.4\u2033, 1.0\u00b5m, AF 5 MP, f\/2.2, 12mm (ultrawide), 1.12\u00b5m, Front 8 MP, f\/2.0, 26mm (wide), 1\/4\u2033, 1.12\u00b5m<br \/>\n<strong style=\"font-weight: bolder\">Operating System<\/strong>: Android 10<br \/>\n<strong style=\"font-weight: bolder\">SIM<\/strong>: Single Sim<br \/>\n<strong style=\"font-weight: bolder\">Battery<\/strong>: Li-Po 10090 mAh, non-removable<br \/>\n<strong style=\"font-weight: bolder\">Network<\/strong>: GSM \/ HSPA \/ LTE \/ 5G<br \/>\n<strong style=\"font-weight: bolder\">Other Features<\/strong>: Fingerprint (under display, optical), accelerometer, gyro, proximity, compass, USB Type-C 3.2, magnetic connector<\/p>\n<\/div>\n<\/div>\n<\/div>\n<\/div>\n<\/div>\n<\/div>\n<\/section>\n<\/section>\n<\/div>\n","protected":false},"excerpt":{"rendered":"<p>Samsung Galaxy Tab S7+ comes with a 12.40-inch touchscreen display with a resolution of 2800&#215;1752 pixels at a pixel density of 287 pixels per inch. Samsung Galaxy Tab S7+ is powered by a 1.8GHz octa-core processor. It comes with 6GB of RAM. Samsung Galaxy Tab S7+ runs Android 10 and [&hellip;]<\/p>\n","protected":false},"featured_media":26742,"comment_status":"open","ping_status":"closed","template":"","meta":{"_joinchat":[]},"product_brand":[848],"product_cat":[449],"product_tag":[],"class_list":{"0":"post-26743","1":"product","2":"type-product","3":"status-publish","4":"has-post-thumbnail","6":"product_brand-samsung","7":"product_cat-phones-tablets","9":"first","10":"instock","11":"sale","12":"sold-individually","13":"shipping-taxable","14":"purchasable","15":"product-type-simple"},"jetpack_sharing_enabled":true,"_links":{"self":[{"href":"https:\/\/mallforneeds.com\/index.php\/wp-json\/wp\/v2\/product\/26743","targetHints":{"allow":["GET"]}}],"collection":[{"href":"https:\/\/mallforneeds.com\/index.php\/wp-json\/wp\/v2\/product"}],"about":[{"href":"https:\/\/mallforneeds.com\/index.php\/wp-json\/wp\/v2\/types\/product"}],"replies":[{"embeddable":true,"href":"https:\/\/mallforneeds.com\/index.php\/wp-json\/wp\/v2\/comments?post=26743"}],"wp:featuredmedia":[{"embeddable":true,"href":"https:\/\/mallforneeds.com\/index.php\/wp-json\/wp\/v2\/media\/26742"}],"wp:attachment":[{"href":"https:\/\/mallforneeds.com\/index.php\/wp-json\/wp\/v2\/media?parent=26743"}],"wp:term":[{"taxonomy":"product_brand","embeddable":true,"href":"https:\/\/mallforneeds.com\/index.php\/wp-json\/wp\/v2\/product_brand?post=26743"},{"taxonomy":"product_cat","embeddable":true,"href":"https:\/\/mallforneeds.com\/index.php\/wp-json\/wp\/v2\/product_cat?post=26743"},{"taxonomy":"product_tag","embeddable":true,"href":"https:\/\/mallforneeds.com\/index.php\/wp-json\/wp\/v2\/product_tag?post=26743"}],"curies":[{"name":"wp","href":"https:\/\/api.w.org\/{rel}","templated":true}]}}