{"id":26783,"date":"2021-11-23T15:31:09","date_gmt":"2021-11-23T15:31:09","guid":{"rendered":"https:\/\/mallforneeds.com\/index.php\/product\/blackfriday-samsung-s21-8gb-256gb-5g-free-buds-pro\/"},"modified":"2025-09-18T18:43:49","modified_gmt":"2025-09-18T17:43:49","slug":"blackfriday-samsung-s21-8gb-256gb-5g-free-buds-pro","status":"publish","type":"product","link":"https:\/\/mallforneeds.com\/index.php\/product\/blackfriday-samsung-s21-8gb-256gb-5g-free-buds-pro\/","title":{"rendered":"Samsung S21 8GB, 256GB 5G, Free BUDS Pro"},"content":{"rendered":"<p><strong style=\"font-weight: bolder;font-family: brfirma, sans-serif;font-size: 16px;font-style: normal;letter-spacing: normal;text-align: left;text-indent: 0px;text-transform: none\">Display<\/strong><span style=\"font-family: brfirma,sans-serif;font-size: 16px;font-style: normal;font-weight: 400;letter-spacing: normal;text-transform: none;float: none;text-align: left\">: 6.8 inches, 112.1 cm<\/span><sup style=\"font-size: 12px;line-height: 0;vertical-align: baseline;font-family: brfirma, sans-serif;font-style: normal;font-weight: 400;letter-spacing: normal;text-align: left;text-indent: 0px;text-transform: none\">2<\/sup><span style=\"font-family: brfirma,sans-serif;font-size: 16px;font-style: normal;font-weight: 400;letter-spacing: normal;text-transform: none;float: none;text-align: left\"> (~89.8% screen-to-body ratio)<\/span><br \/>\n<strong style=\"font-weight: bolder;font-family: brfirma, sans-serif;font-size: 16px;font-style: normal;letter-spacing: normal;text-align: left;text-indent: 0px;text-transform: none\">Processor<\/strong><span style=\"font-family: brfirma,sans-serif;font-size: 16px;font-style: normal;font-weight: 400;letter-spacing: normal;text-transform: none;float: none;text-align: left\">: Octa-core (1\u00d72.9 GHz Cortex-X1 &amp; 3\u00d72.80 GHz Cortex-A78 &amp; 4\u00d72.2 GHz Cortex-A55) \u2013 International<\/span><br \/>\n<strong style=\"font-weight: bolder;font-family: brfirma, sans-serif;font-size: 16px;font-style: normal;letter-spacing: normal;text-align: left;text-indent: 0px;text-transform: none\">Memory<\/strong><span style=\"font-family: brfirma,sans-serif;font-size: 16px;font-style: normal;font-weight: 400;letter-spacing: normal;text-transform: none;float: none;text-align: left\">: 8GB, 256GB<\/span><br \/>\n<strong style=\"font-weight: bolder;font-family: brfirma, sans-serif;font-size: 16px;font-style: normal;letter-spacing: normal;text-align: left;text-indent: 0px;text-transform: none\">Camera<\/strong><span style=\"font-family: brfirma,sans-serif;font-size: 16px;font-style: normal;font-weight: 400;letter-spacing: normal;text-transform: none;float: none;text-align: left\">: 108 MP, f\/1.8, 26mm (wide), 1\/1.33\u2033, 0.8\u00b5m, PDAF, Laser AF, OIS, 10 MP, f\/4.9, 240mm (periscope telephoto), 1\/3.24\u2033, 1.22\u00b5m, dual pixel PDAF, OIS, 10x optical zoom, 10 MP, f\/2.4, 70mm (telephoto), 1\/3.24\u2033, 1.22\u00b5m, dual pixel PDAF, OIS, 3x optical zoom, 12 MP, f\/2.2, 13mm (ultrawide), 1\/2.55\u2033, 1.4\u00b5m, dual pixel PDAF, Super Steady video<\/span><br \/>\n<strong style=\"font-weight: bolder;font-family: brfirma, sans-serif;font-size: 16px;font-style: normal;letter-spacing: normal;text-align: left;text-indent: 0px;text-transform: none\">Operating System<\/strong><span style=\"font-family: brfirma,sans-serif;font-size: 16px;font-style: normal;font-weight: 400;letter-spacing: normal;text-transform: none;float: none;text-align: left\">: Android 11<\/span><br \/>\n<strong style=\"font-weight: bolder;font-family: brfirma, sans-serif;font-size: 16px;font-style: normal;letter-spacing: normal;text-align: left;text-indent: 0px;text-transform: none\">SIM<\/strong><span style=\"font-family: brfirma,sans-serif;font-size: 16px;font-style: normal;font-weight: 400;letter-spacing: normal;text-transform: none;float: none;text-align: left\">: Dual Sim<\/span><br \/>\n<strong style=\"font-weight: bolder;font-family: brfirma, sans-serif;font-size: 16px;font-style: normal;letter-spacing: normal;text-align: left;text-indent: 0px;text-transform: none\">Battery<\/strong><span style=\"font-family: brfirma,sans-serif;font-size: 16px;font-style: normal;font-weight: 400;letter-spacing: normal;text-transform: none;float: none;text-align: left\">: Li-Ion 5000 mAh, non-removable<\/span><br \/>\n<strong style=\"font-weight: bolder;font-family: brfirma, sans-serif;font-size: 16px;font-style: normal;letter-spacing: normal;text-align: left;text-indent: 0px;text-transform: none\">Network<\/strong><span style=\"font-family: brfirma,sans-serif;font-size: 16px;font-style: normal;font-weight: 400;letter-spacing: normal;text-transform: none;float: none;text-align: left\">: GSM \/ CDMA \/ HSPA \/ EVDO \/ LTE \/ 5G<\/span><br \/>\n<strong style=\"font-weight: bolder;font-family: brfirma, sans-serif;font-size: 16px;font-style: normal;letter-spacing: normal;text-align: left;text-indent: 0px;text-transform: none\">Other Features<\/strong><span style=\"font-family: brfirma,sans-serif;font-size: 16px;font-style: normal;font-weight: 400;letter-spacing: normal;text-transform: none;float: none;text-align: left\">: Fingerprint (under display, ultrasonic), accelerometer, gyro, proximity, compass, barometer Samsung DeX, Samsung Wireless DeX (desktop experience support), ANT+ Bixby natural language commands and dictation, Samsung Pay (Visa, MasterCard certified), Ultra Wideband (UWB) support<\/span><strong style=\"font-weight: bolder;font-family: brfirma, sans-serif;font-size: 16px;font-style: normal;letter-spacing: normal;text-align: left;text-indent: 0px;text-transform: none\">Display<\/strong><span style=\"font-family: brfirma,sans-serif;font-size: 16px;font-style: normal;font-weight: 400;letter-spacing: normal;text-transform: none;float: none;text-align: left\">: 6.8 inches, 112.1 cm<\/span><sup style=\"font-size: 12px;line-height: 0;vertical-align: baseline;font-family: brfirma, sans-serif;font-style: normal;font-weight: 400;letter-spacing: normal;text-align: left;text-indent: 0px;text-transform: none\">2<\/sup><span style=\"font-family: brfirma,sans-serif;font-size: 16px;font-style: normal;font-weight: 400;letter-spacing: normal;text-transform: none;float: none;text-align: left\"> (~89.8% screen-to-body ratio)<\/span><br \/>\n<strong style=\"font-weight: bolder;font-family: brfirma, sans-serif;font-size: 16px;font-style: normal;letter-spacing: normal;text-align: left;text-indent: 0px;text-transform: none\">Processor<\/strong><span style=\"font-family: brfirma,sans-serif;font-size: 16px;font-style: normal;font-weight: 400;letter-spacing: normal;text-transform: none;float: none;text-align: left\">: Octa-core (1\u00d72.9 GHz Cortex-X1 &amp; 3\u00d72.80 GHz Cortex-A78 &amp; 4\u00d72.2 GHz Cortex-A55) \u2013 International<\/span><br \/>\n<strong style=\"font-weight: bolder;font-family: brfirma, sans-serif;font-size: 16px;font-style: normal;letter-spacing: normal;text-align: left;text-indent: 0px;text-transform: none\">Memory<\/strong><span style=\"font-family: brfirma,sans-serif;font-size: 16px;font-style: normal;font-weight: 400;letter-spacing: normal;text-transform: none;float: none;text-align: left\">: 8GB, 256GB<\/span><br \/>\n<strong style=\"font-weight: bolder;font-family: brfirma, sans-serif;font-size: 16px;font-style: normal;letter-spacing: normal;text-align: left;text-indent: 0px;text-transform: none\">Camera<\/strong><span style=\"font-family: brfirma,sans-serif;font-size: 16px;font-style: normal;font-weight: 400;letter-spacing: normal;text-transform: none;float: none;text-align: left\">: 108 MP, f\/1.8, 26mm (wide), 1\/1.33\u2033, 0.8\u00b5m, PDAF, Laser AF, OIS, 10 MP, f\/4.9, 240mm (periscope telephoto), 1\/3.24\u2033, 1.22\u00b5m, dual pixel PDAF, OIS, 10x optical zoom, 10 MP, f\/2.4, 70mm (telephoto), 1\/3.24\u2033, 1.22\u00b5m, dual pixel PDAF, OIS, 3x optical zoom, 12 MP, f\/2.2, 13mm (ultrawide), 1\/2.55\u2033, 1.4\u00b5m, dual pixel PDAF, Super Steady video<\/span><br \/>\n<strong style=\"font-weight: bolder;font-family: brfirma, sans-serif;font-size: 16px;font-style: normal;letter-spacing: normal;text-align: left;text-indent: 0px;text-transform: none\">Operating System<\/strong><span style=\"font-family: brfirma,sans-serif;font-size: 16px;font-style: normal;font-weight: 400;letter-spacing: normal;text-transform: none;float: none;text-align: left\">: Android 11<\/span><br \/>\n<strong style=\"font-weight: bolder;font-family: brfirma, sans-serif;font-size: 16px;font-style: normal;letter-spacing: normal;text-align: left;text-indent: 0px;text-transform: none\">SIM<\/strong><span style=\"font-family: brfirma,sans-serif;font-size: 16px;font-style: normal;font-weight: 400;letter-spacing: normal;text-transform: none;float: none;text-align: left\">: Dual Sim<\/span><br \/>\n<strong style=\"font-weight: bolder;font-family: brfirma, sans-serif;font-size: 16px;font-style: normal;letter-spacing: normal;text-align: left;text-indent: 0px;text-transform: none\">Battery<\/strong><span style=\"font-family: brfirma,sans-serif;font-size: 16px;font-style: normal;font-weight: 400;letter-spacing: normal;text-transform: none;float: none;text-align: left\">: Li-Ion 5000 mAh, non-removable<\/span><br \/>\n<strong style=\"font-weight: bolder;font-family: brfirma, sans-serif;font-size: 16px;font-style: normal;letter-spacing: normal;text-align: left;text-indent: 0px;text-transform: none\">Network<\/strong><span style=\"font-family: brfirma,sans-serif;font-size: 16px;font-style: normal;font-weight: 400;letter-spacing: normal;text-transform: none;float: none;text-align: left\">: GSM \/ CDMA \/ HSPA \/ EVDO \/ LTE \/ 5G<\/span><br \/>\n<strong style=\"font-weight: bolder;font-family: brfirma, sans-serif;font-size: 16px;font-style: normal;letter-spacing: normal;text-align: left;text-indent: 0px;text-transform: none\">Other Features<\/strong><span style=\"font-family: brfirma,sans-serif;font-size: 16px;font-style: normal;font-weight: 400;letter-spacing: normal;text-transform: none;float: none;text-align: left\">: Fingerprint (under display, ultrasonic), accelerometer, gyro, proximity, compass, barometer Samsung DeX, Samsung Wireless DeX (desktop experience support), ANT+ Bixby natural language commands and dictation, Samsung Pay (Visa, MasterCard certified), Ultra Wideband (UWB) support<\/span><strong style=\"font-weight: bolder;font-family: brfirma, sans-serif;font-size: 16px;font-style: normal;letter-spacing: normal;text-align: left;text-indent: 0px;text-transform: none\">Display<\/strong><span style=\"font-family: brfirma,sans-serif;font-size: 16px;font-style: normal;font-weight: 400;letter-spacing: normal;text-transform: none;float: none;text-align: left\">: 6.8 inches, 112.1 cm<\/span><sup style=\"font-size: 12px;line-height: 0;vertical-align: baseline;font-family: brfirma, sans-serif;font-style: normal;font-weight: 400;letter-spacing: normal;text-align: left;text-indent: 0px;text-transform: none\">2<\/sup><span style=\"font-family: brfirma,sans-serif;font-size: 16px;font-style: normal;font-weight: 400;letter-spacing: normal;text-transform: none;float: none;text-align: left\"> (~89.8% screen-to-body ratio)<\/span><br \/>\n<strong style=\"font-weight: bolder;font-family: brfirma, sans-serif;font-size: 16px;font-style: normal;letter-spacing: normal;text-align: left;text-indent: 0px;text-transform: none\">Processor<\/strong><span style=\"font-family: brfirma,sans-serif;font-size: 16px;font-style: normal;font-weight: 400;letter-spacing: normal;text-transform: none;float: none;text-align: left\">: Octa-core (1\u00d72.9 GHz Cortex-X1 &amp; 3\u00d72.80 GHz Cortex-A78 &amp; 4\u00d72.2 GHz Cortex-A55) \u2013 International<\/span><br \/>\n<strong style=\"font-weight: bolder;font-family: brfirma, sans-serif;font-size: 16px;font-style: normal;letter-spacing: normal;text-align: left;text-indent: 0px;text-transform: none\">Memory<\/strong><span style=\"font-family: brfirma,sans-serif;font-size: 16px;font-style: normal;font-weight: 400;letter-spacing: normal;text-transform: none;float: none;text-align: left\">: 8GB, 256GB<\/span><br \/>\n<strong style=\"font-weight: bolder;font-family: brfirma, sans-serif;font-size: 16px;font-style: normal;letter-spacing: normal;text-align: left;text-indent: 0px;text-transform: none\">Camera<\/strong><span style=\"font-family: brfirma,sans-serif;font-size: 16px;font-style: normal;font-weight: 400;letter-spacing: normal;text-transform: none;float: none;text-align: left\">: 108 MP, f\/1.8, 26mm (wide), 1\/1.33\u2033, 0.8\u00b5m, PDAF, Laser AF, OIS, 10 MP, f\/4.9, 240mm (periscope telephoto), 1\/3.24\u2033, 1.22\u00b5m, dual pixel PDAF, OIS, 10x optical zoom, 10 MP, f\/2.4, 70mm (telephoto), 1\/3.24\u2033, 1.22\u00b5m, dual pixel PDAF, OIS, 3x optical zoom, 12 MP, f\/2.2, 13mm (ultrawide), 1\/2.55\u2033, 1.4\u00b5m, dual pixel PDAF, Super Steady video<\/span><br \/>\n<strong style=\"font-weight: bolder;font-family: brfirma, sans-serif;font-size: 16px;font-style: normal;letter-spacing: normal;text-align: left;text-indent: 0px;text-transform: none\">Operating System<\/strong><span style=\"font-family: brfirma,sans-serif;font-size: 16px;font-style: normal;font-weight: 400;letter-spacing: normal;text-transform: none;float: none;text-align: left\">: Android 11<\/span><br \/>\n<strong style=\"font-weight: bolder;font-family: brfirma, sans-serif;font-size: 16px;font-style: normal;letter-spacing: normal;text-align: left;text-indent: 0px;text-transform: none\">SIM<\/strong><span style=\"font-family: brfirma,sans-serif;font-size: 16px;font-style: normal;font-weight: 400;letter-spacing: normal;text-transform: none;float: none;text-align: left\">: Dual Sim<\/span><br \/>\n<strong style=\"font-weight: bolder;font-family: brfirma, sans-serif;font-size: 16px;font-style: normal;letter-spacing: normal;text-align: left;text-indent: 0px;text-transform: none\">Battery<\/strong><span style=\"font-family: brfirma,sans-serif;font-size: 16px;font-style: normal;font-weight: 400;letter-spacing: normal;text-transform: none;float: none;text-align: left\">: Li-Ion 5000 mAh, non-removable<\/span><br \/>\n<strong style=\"font-weight: bolder;font-family: brfirma, sans-serif;font-size: 16px;font-style: normal;letter-spacing: normal;text-align: left;text-indent: 0px;text-transform: none\">Network<\/strong><span style=\"font-family: brfirma,sans-serif;font-size: 16px;font-style: normal;font-weight: 400;letter-spacing: normal;text-transform: none;float: none;text-align: left\">: GSM \/ CDMA \/ HSPA \/ EVDO \/ LTE \/ 5G<\/span><br \/>\n<strong style=\"font-weight: bolder;font-family: brfirma, sans-serif;font-size: 16px;font-style: normal;letter-spacing: normal;text-align: left;text-indent: 0px;text-transform: none\">Other Features<\/strong><span style=\"font-family: brfirma,sans-serif;font-size: 16px;font-style: normal;font-weight: 400;letter-spacing: normal;text-transform: none;float: none;text-align: left\">: Fingerprint (under display, ultrasonic), accelerometer, gyro, proximity, compass, barometer Samsung DeX, Samsung Wireless DeX (desktop experience support), ANT+ Bixby natural language commands and dictation, Samsung Pay (Visa, MasterCard certified), Ultra Wideband (UWB) support<\/span><\/p>\n","protected":false},"excerpt":{"rendered":"<p>Display: 6.8 inches, 112.1 cm2 (~89.8% screen-to-body ratio) Processor: Octa-core (1\u00d72.9 GHz Cortex-X1 &amp; 3\u00d72.80 GHz Cortex-A78 &amp; 4\u00d72.2 GHz Cortex-A55) \u2013 International Memory: 8GB, 256GB Camera: 108 MP, f\/1.8, 26mm (wide), 1\/1.33\u2033, 0.8\u00b5m, PDAF, Laser AF, OIS, 10 MP, f\/4.9, 240mm (periscope telephoto), 1\/3.24\u2033, 1.22\u00b5m, dual pixel PDAF, OIS, [&hellip;]<\/p>\n","protected":false},"featured_media":26782,"comment_status":"open","ping_status":"closed","template":"","meta":{"_joinchat":[]},"product_brand":[848],"product_cat":[564,449,939],"product_tag":[],"class_list":{"0":"post-26783","1":"product","2":"type-product","3":"status-publish","4":"has-post-thumbnail","6":"product_brand-samsung","7":"product_cat-mobile-phones","8":"product_cat-phones-tablets","9":"product_cat-smartphones-mobile-phones","11":"first","12":"outofstock","13":"sale","14":"sold-individually","15":"shipping-taxable","16":"purchasable","17":"product-type-simple"},"jetpack_sharing_enabled":true,"_links":{"self":[{"href":"https:\/\/mallforneeds.com\/index.php\/wp-json\/wp\/v2\/product\/26783","targetHints":{"allow":["GET"]}}],"collection":[{"href":"https:\/\/mallforneeds.com\/index.php\/wp-json\/wp\/v2\/product"}],"about":[{"href":"https:\/\/mallforneeds.com\/index.php\/wp-json\/wp\/v2\/types\/product"}],"replies":[{"embeddable":true,"href":"https:\/\/mallforneeds.com\/index.php\/wp-json\/wp\/v2\/comments?post=26783"}],"wp:featuredmedia":[{"embeddable":true,"href":"https:\/\/mallforneeds.com\/index.php\/wp-json\/wp\/v2\/media\/26782"}],"wp:attachment":[{"href":"https:\/\/mallforneeds.com\/index.php\/wp-json\/wp\/v2\/media?parent=26783"}],"wp:term":[{"taxonomy":"product_brand","embeddable":true,"href":"https:\/\/mallforneeds.com\/index.php\/wp-json\/wp\/v2\/product_brand?post=26783"},{"taxonomy":"product_cat","embeddable":true,"href":"https:\/\/mallforneeds.com\/index.php\/wp-json\/wp\/v2\/product_cat?post=26783"},{"taxonomy":"product_tag","embeddable":true,"href":"https:\/\/mallforneeds.com\/index.php\/wp-json\/wp\/v2\/product_tag?post=26783"}],"curies":[{"name":"wp","href":"https:\/\/api.w.org\/{rel}","templated":true}]}}